{"id":2,"date":"2025-10-02T17:54:12","date_gmt":"2025-10-02T15:54:12","guid":{"rendered":"https:\/\/weltweitleben.com\/newsletter\/?page_id=2"},"modified":"2026-04-04T17:54:36","modified_gmt":"2026-04-04T15:54:36","slug":"weltweitleben-grenzgaengerbrief","status":"publish","type":"page","link":"https:\/\/weltweitleben.com\/grenzgaengerbrief\/","title":{"rendered":"weltweitLEBEN Grenzg\u00e4ngerbrief"},"content":{"rendered":"<div class=\"et_pb_section_0 et_pb_section et_section_regular et_block_section\">\r\n<div class=\"et_pb_row_0 et_pb_row et_block_row\">\r\n<div class=\"et_pb_column_0 et_pb_column et_pb_column_4_4 et-last-child et_block_column et_pb_css_mix_blend_mode_passthrough\">\r\n<div class=\"et_pb_text_0 et_pb_text et_pb_bg_layout_light et_pb_module et_block_module strong\"><div class=\"et_pb_text_inner\"><h1><span style=\"color: #e7b053;\">Grenzg\u00e4nger-Brief<\/span><\/h1>\n<p style=\"text-align: center;\">Der Startpunkt f\u00fcr dein ortsunabh\u00e4ngiges Leben. Hol dir klare erste Schritte, Leitfaden, 2 Webinare und PDFs direkt per E-Mail.<\/p>\n<p style=\"text-align: center;\">Sofortiger Zugang, damit du direkt starten kannst.<\/p>\n<p style=\"text-align: center;\"><a style=\"font-size: 18px; color: #00b67a!important; margin-top: 10px; display: inline-block;\" href=\"https:\/\/de.trustpilot.com\/review\/weltweitsteuerfrei.com\" title=\"Bewertungen auf Trustpilot\" target=\"_blank\" rel=\"noopener\">TrustScore 4.7 | 211 Bewertungen <span class=\"et-pb-icon\" style=\"font-size: 16px; vertical-align: baseline;\">\ue033\ue033\ue033\ue033\ue033<\/span><\/a><\/p>\n<\/div><\/div>\r\n\r\n<div class=\"et_pb_code_0 et_pb_code et_pb_module\"><div class=\"et_pb_code_inner\"><div class='fluentform ff-default fluentform_wrapper_3 ffs_custom_wrap'><form data-form_id=\"3\" id=\"fluentform_3\" class=\"frm-fluent-form fluent_form_3 ff-el-form-top ff_form_instance_3_1 ff-form-loading white-form ff_has_v3_recptcha ffs_custom\" data-form_instance=\"ff_form_instance_3_1\" method=\"POST\" data-recptcha_key=\"6LcIk8crAAAAAKvjWKtbqPCFUzsGeaeYS-5w7o81\" ><fieldset  style=\"border: none!important;margin: 0!important;padding: 0!important;background-color: transparent!important;box-shadow: none!important;outline: none!important; min-inline-size: 100%;\">\n                    <legend class=\"ff_screen_reader_title\" style=\"display: block; margin: 0!important;padding: 0!important;height: 0!important;text-indent: -999999px;width: 0!important;overflow:hidden;\">Site Opt-In<\/legend>        <div\n                style=\"display: none!important; position: absolute!important; transform: translateX(1000%)!important;\"\n                class=\"ff-el-group ff-hpsf-container\"\n        >\n            <div class=\"ff-el-input--label asterisk-right\">\n                <label for=\"ff_3_item_sf\" aria-label=\"Subscribe\">\n                    Subscribe                <\/label>\n            <\/div>\n            <div class=\"ff-el-input--content\">\n                <input type=\"text\"\n                       name=\"item_3__fluent_sf\"\n                       class=\"ff-el-form-control\"\n                       id=\"ff_3_item_sf\"\n                \/>\n            <\/div>\n        <\/div>\n                <input type=\"hidden\" id=\"__fluent_protection_token_3\" class=\"fluent-form-token-field\" name=\"__fluent_protection_token_3\">\n        <input type='hidden' name='__fluent_form_embded_post_id' value='2' \/><input type=\"hidden\" id=\"_fluentform_3_fluentformnonce\" name=\"_fluentform_3_fluentformnonce\" value=\"dbda6cc29d\" \/><input type=\"hidden\" name=\"_wp_http_referer\" value=\"\/grenzgaengerbrief\/wp-json\/wp\/v2\/pages\/2\" \/><div data-name=\"ff_cn_id_1\"  class='ff-t-container ff-column-container ff_columns_total_2 '><div class='ff-t-cell ff-t-column-1' style='flex-basis: 50%;'><div class='ff-el-group border-animate'><div class=\"ff-el-input--label ff-el-is-required asterisk-right\"><label for='ff_3_firstName' id='label_ff_3_firstName' aria-label=\"Dein Vorname\">Dein Vorname<\/label><\/div><div class='ff-el-input--content'><input type=\"text\" name=\"firstName\" class=\"ff-el-form-control\" placeholder=\"Maximilian\" data-name=\"firstName\" tabindex=\"1\" id=\"ff_3_firstName\"  aria-invalid=\"false\" aria-required=true><\/div><\/div><\/div><div class='ff-t-cell ff-t-column-2' style='flex-basis: 50%;'><div class='ff-el-group border-animate'><div class=\"ff-el-input--label ff-el-is-required asterisk-right\"><label for='ff_3_email' id='label_ff_3_email' aria-label=\"Deine E-Mail-Adresse\">Deine E-Mail-Adresse<\/label><\/div><div class='ff-el-input--content'><input type=\"email\" name=\"email\" id=\"ff_3_email\" class=\"ff-el-form-control\" placeholder=\"maximilian@mustermann.de\" data-name=\"email\" tabindex=\"2\"  aria-invalid=\"false\" aria-required=true><\/div><\/div><\/div><\/div><div class='ff-el-group  legally  ff-el-input--content'><div class='ff-el-form-check ff-el-tc'><label aria-label='Terms and Conditions: Ich habe die Datenschutzbestimmungen gelesen und bin damit einverstanden, regelm\u00e4\u00dfig E-Mails mit hilfreichen Infos rund um den Grenzg\u00e4nger-Brief zu erhalten. Kein Spam, Abmeldung jederzeit m\u00f6glich. Contains 1 link. Use tab navigation to review.' class='ff-el-form-check-label ff_tc_label' for=gdpr-agreement_18bb54c4e92ef925afd8bc4c6be4c4eb><span class='ff_tc_checkbox'><input type=\"checkbox\" name=\"gdpr-agreement\" class=\"ff-el-form-check-input ff_gdpr_field\" data-name=\"gdpr-agreement\" id=\"gdpr-agreement_18bb54c4e92ef925afd8bc4c6be4c4eb\" tabindex=\"3\"  value='on' aria-invalid='false' aria-required=true><\/span> <div class='ff_t_c'><p>Ich habe die <a href=\"https:\/\/weltweitleben.com\/datenschutz\/\" rel=\"noopener\" target=\"_blank\">Datenschutzbestimmungen<\/a> gelesen und bin damit einverstanden, regelm\u00e4\u00dfig E-Mails mit hilfreichen Infos rund um den Grenzg\u00e4nger-Brief zu erhalten. Kein Spam, Abmeldung jederzeit m\u00f6glich.<\/p><\/div><\/label><\/div><\/div><input type=\"hidden\" name=\"datum\" value=\"07\/05\/2026\" data-name=\"datum\" ><div class='ff-el-group ff-text-center ff_submit_btn_wrapper'><button type=\"submit\" class=\"ff-btn ff-btn-submit ff-btn-md ff_btn_style\" tabindex=\"4\"  aria-label=\"Anmelden\">Anmelden<\/button><\/div><\/fieldset><\/form><div id='fluentform_3_errors' class='ff-errors-in-stack ff_form_instance_3_1 ff-form-loading_errors ff_form_instance_3_1_errors'><\/div><\/div>            <script type=\"text\/javascript\">\n                window.fluent_form_ff_form_instance_3_1 = {\"id\":\"3\",\"settings\":{\"layout\":{\"labelPlacement\":\"top\",\"asteriskPlacement\":\"asterisk-right\",\"helpMessagePlacement\":\"under_input\",\"errorMessagePlacement\":\"inline\",\"cssClassName\":\"\"},\"restrictions\":{\"denyEmptySubmission\":{\"enabled\":false}}},\"form_instance\":\"ff_form_instance_3_1\",\"form_id_selector\":\"fluentform_3\",\"rules\":{\"firstName\":{\"required\":{\"value\":true,\"message\":\"F\\u00fclle dieses Feld bitte aus\",\"global_message\":\"F\\u00fclle dieses Feld bitte aus\",\"global\":true}},\"email\":{\"required\":{\"value\":true,\"message\":\"F\\u00fclle dieses Feld bitte aus\",\"global_message\":\"F\\u00fclle dieses Feld bitte aus\",\"global\":true},\"email\":{\"value\":true,\"message\":\"Trage eine g\\u00fcltige E-Mail-Adresse ein\",\"global_message\":\"Trage eine g\\u00fcltige E-Mail-Adresse ein\",\"global\":true}},\"gdpr-agreement\":{\"required\":{\"value\":true,\"message\":\"F\\u00fclle dieses Feld bitte aus\",\"global_message\":\"F\\u00fclle dieses Feld bitte aus\",\"global\":true}},\"g-recaptcha-response\":[]},\"debounce_time\":300};\n                            <\/script>\n            <\/div><\/div>\r\n\r\n<div class=\"et_pb_text_1 et_pb_text et_pb_bg_layout_light et_pb_module et_block_module strong\"><div class=\"et_pb_text_inner\"><p style=\"text-align: center;\">F\u00fcr dich als Willkommens-Geschenk:<\/p>\n<\/div><\/div>\r\n<\/div>\r\n<\/div>\r\n\r\n<div class=\"et_pb_row_1 et_pb_row et_block_row\">\r\n<div class=\"et_pb_column_1 et_pb_column et_pb_column_1_2 et_block_column et_pb_css_mix_blend_mode_passthrough\">\r\n<div class=\"et_pb_text_2 et_pb_text et_pb_bg_layout_light et_pb_module et_block_module strong\"><div class=\"et_pb_text_inner\"><ul class=\"in-for-me\">\n<li><span class=\"et-pb-icon\">Z<\/span>\n<p class=\"text\">Leitfaden f\u00fcr dein passendes Setup, sowie deine ersten Schritte<\/p>\n<\/li>\n<li><span class=\"et-pb-icon\">Z<\/span>\n<p class=\"text\">2 Webinare zu Ortsunabh\u00e4ngigkeit und Online-Aufstellung<\/p>\n<\/li>\n<li><span class=\"et-pb-icon\">Z<\/span>\n<p class=\"text\">Insiderwissen zu Job, Rechtlichem und Unternehmensform<\/p>\n<\/li>\n<\/ul>\n<\/div><\/div>\r\n<\/div>\r\n\r\n<div class=\"et_pb_column_2 et_pb_column et_pb_column_1_2 et-last-child et_block_column et_pb_css_mix_blend_mode_passthrough\">\r\n<div class=\"et_pb_text_3 et_pb_text et_pb_bg_layout_light et_pb_module et_block_module strong\"><div class=\"et_pb_text_inner\"><ul class=\"in-for-me\">\n<li><span class=\"et-pb-icon\">Z<\/span>\n<p class=\"text\">Ein PDF-Handout f\u00fcr deine Selbstanalyse und Zielsetzung<\/p>\n<\/li>\n<li><span class=\"et-pb-icon\">Z<\/span>\n<p class=\"text\">Ein PDF-Handout f\u00fcr deine \u00dcbersicht und Organisation zum Start<\/p>\n<\/li>\n<li><span class=\"et-pb-icon\">Z<\/span>\n<p class=\"text\">Regelm\u00e4\u00dfige E-Mail-Updates plus besondere \u00dcberraschung<\/p>\n<\/li>\n<\/ul>\n<\/div><\/div>\r\n<\/div>\r\n<\/div>\r\n<\/div>","protected":false},"excerpt":{"rendered":"<p>Grenzg\u00e4nger-Brief. Du suchst den richtigen Startpunkt ins neue Leben? Gl\u00fcckwunsch, gefunden. Mit dem WWL Leitfaden deine ersten Schritte planen.<\/p>\n","protected":false},"author":4,"featured_media":0,"parent":0,"menu_order":0,"comment_status":"closed","ping_status":"closed","template":"","meta":{"iawp_total_views":160,"wds_primary_category":0,"footnotes":""},"categories":[],"class_list":["post-2","page","type-page","status-publish","hentry"],"_links":{"self":[{"href":"https:\/\/weltweitleben.com\/grenzgaengerbrief\/wp-json\/wp\/v2\/pages\/2","targetHints":{"allow":["GET"]}}],"collection":[{"href":"https:\/\/weltweitleben.com\/grenzgaengerbrief\/wp-json\/wp\/v2\/pages"}],"about":[{"href":"https:\/\/weltweitleben.com\/grenzgaengerbrief\/wp-json\/wp\/v2\/types\/page"}],"author":[{"embeddable":true,"href":"https:\/\/weltweitleben.com\/grenzgaengerbrief\/wp-json\/wp\/v2\/users\/4"}],"replies":[{"embeddable":true,"href":"https:\/\/weltweitleben.com\/grenzgaengerbrief\/wp-json\/wp\/v2\/comments?post=2"}],"version-history":[{"count":3,"href":"https:\/\/weltweitleben.com\/grenzgaengerbrief\/wp-json\/wp\/v2\/pages\/2\/revisions"}],"predecessor-version":[{"id":517,"href":"https:\/\/weltweitleben.com\/grenzgaengerbrief\/wp-json\/wp\/v2\/pages\/2\/revisions\/517"}],"wp:attachment":[{"href":"https:\/\/weltweitleben.com\/grenzgaengerbrief\/wp-json\/wp\/v2\/media?parent=2"}],"wp:term":[{"taxonomy":"category","embeddable":true,"href":"https:\/\/weltweitleben.com\/grenzgaengerbrief\/wp-json\/wp\/v2\/categories?post=2"}],"curies":[{"name":"wp","href":"https:\/\/api.w.org\/{rel}","templated":true}]}}